{"id":595,"date":"2014-07-12T14:24:54","date_gmt":"2014-07-12T14:24:54","guid":{"rendered":"http:\/\/margarete.wiggen.de\/?page_id=595"},"modified":"2014-07-12T16:28:21","modified_gmt":"2014-07-12T16:28:21","slug":"1991-wasserschuetterin-schwarzenbachsaale","status":"publish","type":"page","link":"http:\/\/margarete.wiggen.de\/?page_id=595","title":{"rendered":"1991 Wassersch\u00fctterin Schwarzenbach\/Saale"},"content":{"rendered":"<p style=\"text-align: center;\">Ein M\u00e4dchen sitzt so ganz allein<br \/>\nauf einer Bank, die ist aus Stein.<br \/>\nAus dem Kruge, den es h\u00e4lt,<br \/>\nklares Wasser niederf\u00e4llt.<\/p>\n<p style=\"text-align: center;\">Einst sprach ich es freundlich an,<br \/>\nob ich mich zu ihm setzen kann.<br \/>\nDoch es hat nicht mit mir geredt,<br \/>\nhat nicht einmal den Kopf gedreht.<\/p>\n<p style=\"text-align: center;\">Als ich dennoch n\u00e4her kam,<br \/>\neine Hand voll Wasser nahm,<br \/>\nsah ich lieb ihm ins Gesicht.<br \/>\nDoch es r\u00fchrete sich nicht.<\/p>\n<p style=\"text-align: center;\">Ach, dass man so leicht vergi\u00dft,<br \/>\ndass es nur aus Bronze ist.<\/p>\n<style id=\"bwg-style-0\">    #bwg_container1_0 #bwg_container2_0 .bwg-container-0.bwg-standard-thumbnails {      width: 1004px;              justify-content: center;        margin:0 auto !important;              background-color: rgba(255, 255, 255, 0.00);            padding-left: 4px;      padding-top: 4px;      max-width: 100%;            }        #bwg_container1_0 #bwg_container2_0 .bwg-container-0.bwg-standard-thumbnails .bwg-item {    justify-content: flex-start;      max-width: 200px;            width: 200px !important;          }    #bwg_container1_0 #bwg_container2_0 .bwg-container-0.bwg-standard-thumbnails .bwg-item a {       margin-right: 4px;       margin-bottom: 4px;    }    #bwg_container1_0 #bwg_container2_0 .bwg-container-0.bwg-standard-thumbnails .bwg-item0 {      padding: 0px;            background-color:rgba(255,255,255, 0.30);      border: 0px none #CCCCCC;      opacity: 1.00;      border-radius: 0;      box-shadow: 0px 0px 0px #888888;    }    #bwg_container1_0 #bwg_container2_0 .bwg-container-0.bwg-standard-thumbnails .bwg-item1 img {      max-height: none;      max-width: none;      padding: 0 !important;    }        @media only screen and (min-width: 480px) {      #bwg_container1_0 #bwg_container2_0 .bwg-container-0.bwg-standard-thumbnails .bwg-item0 {        transition: all 0.3s ease 0s;-webkit-transition: all 0.3s ease 0s;      }      #bwg_container1_0 #bwg_container2_0 .bwg-container-0.bwg-standard-thumbnails .bwg-item0:hover {        -ms-transform: scale(1.1);        -webkit-transform: scale(1.1);        transform: scale(1.1);      }    }          #bwg_container1_0 #bwg_container2_0 .bwg-container-0.bwg-standard-thumbnails .bwg-item1 {      padding-top: 100%;    }        #bwg_container1_0 #bwg_container2_0 .bwg-container-0.bwg-standard-thumbnails .bwg-title2,    #bwg_container1_0 #bwg_container2_0 .bwg-container-0.bwg-standard-thumbnails .bwg-ecommerce2 {      color: #CCCCCC;      font-family: segoe ui;      font-size: 16px;      font-weight: bold;      padding: 2px;      text-shadow: 0px 0px 0px #888888;      max-height: 100%;    }    #bwg_container1_0 #bwg_container2_0 .bwg-container-0.bwg-standard-thumbnails .bwg-thumb-description span {    color: #323A45;    font-family: Ubuntu;    font-size: 12px;    max-height: 100%;    word-wrap: break-word;    }    #bwg_container1_0 #bwg_container2_0 .bwg-container-0.bwg-standard-thumbnails .bwg-play-icon2 {      font-size: 32px;    }    #bwg_container1_0 #bwg_container2_0 .bwg-container-0.bwg-standard-thumbnails .bwg-ecommerce2 {      font-size: 19.2px;      color: #CCCCCC;    }    <\/style>    <div id=\"bwg_container1_0\"         class=\"bwg_container bwg_thumbnail bwg_thumbnails \"         data-right-click-protection=\"0\"         data-bwg=\"0\"         data-scroll=\"0\"         data-gallery-type=\"thumbnails\"         data-gallery-view-type=\"thumbnails\"         data-current-url=\"\/index.php?rest_route=%2Fwp%2Fv2%2Fpages%2F595\"         data-lightbox-url=\"http:\/\/margarete.wiggen.de\/wp-admin\/admin-ajax.php?action=GalleryBox&#038;current_view=0&#038;gallery_id=16&#038;tag=0&#038;theme_id=1&#038;shortcode_id=0&#038;sort_by=order&#038;order_by=desc&#038;current_url=%2Findex.php%3Frest_route%3D%252Fwp%252Fv2%252Fpages%252F595\"         data-gallery-id=\"16\"         data-popup-width=\"800\"         data-popup-height=\"500\"         data-is-album=\"gallery\"         data-buttons-position=\"bottom\">      <div id=\"bwg_container2_0\">             <div id=\"ajax_loading_0\" class=\"bwg_loading_div_1\">      <div class=\"bwg_loading_div_2\">        <div class=\"bwg_loading_div_3\">          <div id=\"loading_div_0\" class=\"bwg_spider_ajax_loading\">          <\/div>        <\/div>      <\/div>    <\/div>            <form id=\"gal_front_form_0\"              class=\"bwg-hidden\"              method=\"post\"              action=\"#\"              data-current=\"0\"              data-shortcode-id=\"0\"              data-gallery-type=\"thumbnails\"              data-gallery-id=\"16\"              data-tag=\"0\"              data-album-id=\"0\"              data-theme-id=\"1\"              data-ajax-url=\"http:\/\/margarete.wiggen.de\/wp-admin\/admin-ajax.php?action=bwg_frontend_data\">          <div id=\"bwg_container3_0\" class=\"bwg-background bwg-background-0\">                <div data-max-count=\"5\"         data-thumbnail-width=\"200\"         data-bwg=\"0\"         data-gallery-id=\"16\"         data-lightbox-url=\"http:\/\/margarete.wiggen.de\/wp-admin\/admin-ajax.php?action=GalleryBox&amp;current_view=0&amp;gallery_id=16&amp;tag=0&amp;theme_id=1&amp;shortcode_id=0&amp;sort_by=order&amp;order_by=desc&amp;current_url=%2Findex.php%3Frest_route%3D%252Fwp%252Fv2%252Fpages%252F595\"         id=\"bwg_thumbnails_0\"         class=\"bwg-container-0 bwg-thumbnails bwg-standard-thumbnails bwg-container bwg-border-box\">            <div class=\"bwg-item\">        <a class=\"bwg-a \"  data-elementor-open-lightbox=\"no\">                <div class=\"bwg-item0 \">          <div class=\"bwg-item1 \">            <div class=\"bwg-item2\">              <img class=\"skip-lazy bwg_standart_thumb_img_0 \"                   data-id=\"195\"                   data-width=\"\"                   data-height=\"\"                   data-src=\"http:\/\/margarete.wiggen.de\/wp-content\/uploads\/photo-gallery\/thumb\/1030_01.JPG\"                   src=\"http:\/\/margarete.wiggen.de\/wp-content\/uploads\/photo-gallery\/thumb\/1030_01.JPG\"                   alt=\"Wassersch\u00fctterin Schwarzenbach\/Saale\"                   title=\"Wassersch\u00fctterin Schwarzenbach\/Saale\" \/>            <\/div>            <div class=\"\">                                                      <\/div>          <\/div>        <\/div>                        <\/a>              <\/div>            <div class=\"bwg-item\">        <a class=\"bwg-a \"  data-elementor-open-lightbox=\"no\">                <div class=\"bwg-item0 \">          <div class=\"bwg-item1 \">            <div class=\"bwg-item2\">              <img class=\"skip-lazy bwg_standart_thumb_img_0 \"                   data-id=\"196\"                   data-width=\"\"                   data-height=\"\"                   data-src=\"http:\/\/margarete.wiggen.de\/wp-content\/uploads\/photo-gallery\/thumb\/1030_02.JPG\"                   src=\"http:\/\/margarete.wiggen.de\/wp-content\/uploads\/photo-gallery\/thumb\/1030_02.JPG\"                   alt=\"Wassersch\u00fctterin Schwarzenbach\/Saale\"                   title=\"Wassersch\u00fctterin Schwarzenbach\/Saale\" \/>            <\/div>            <div class=\"\">                                                      <\/div>          <\/div>        <\/div>                        <\/a>              <\/div>            <div class=\"bwg-item\">        <a class=\"bwg-a \"  data-elementor-open-lightbox=\"no\">                <div class=\"bwg-item0 \">          <div class=\"bwg-item1 \">            <div class=\"bwg-item2\">              <img class=\"skip-lazy bwg_standart_thumb_img_0 \"                   data-id=\"197\"                   data-width=\"\"                   data-height=\"\"                   data-src=\"http:\/\/margarete.wiggen.de\/wp-content\/uploads\/photo-gallery\/thumb\/1030_03.JPG\"                   src=\"http:\/\/margarete.wiggen.de\/wp-content\/uploads\/photo-gallery\/thumb\/1030_03.JPG\"                   alt=\"Wassersch\u00fctterin Schwarzenbach\/Saale\"                   title=\"Wassersch\u00fctterin Schwarzenbach\/Saale\" \/>            <\/div>            <div class=\"\">                                                      <\/div>          <\/div>        <\/div>                        <\/a>              <\/div>            <div class=\"bwg-item\">        <a class=\"bwg-a \"  data-elementor-open-lightbox=\"no\">                <div class=\"bwg-item0 \">          <div class=\"bwg-item1 \">            <div class=\"bwg-item2\">              <img class=\"skip-lazy bwg_standart_thumb_img_0 \"                   data-id=\"198\"                   data-width=\"\"                   data-height=\"\"                   data-src=\"http:\/\/margarete.wiggen.de\/wp-content\/uploads\/photo-gallery\/thumb\/1030_04.JPG\"                   src=\"http:\/\/margarete.wiggen.de\/wp-content\/uploads\/photo-gallery\/thumb\/1030_04.JPG\"                   alt=\"Wassersch\u00fctterin Schwarzenbach\/Saale\"                   title=\"Wassersch\u00fctterin Schwarzenbach\/Saale\" \/>            <\/div>            <div class=\"\">                                                      <\/div>          <\/div>        <\/div>                        <\/a>              <\/div>            <div class=\"bwg-item\">        <a class=\"bwg-a \"  data-elementor-open-lightbox=\"no\">                <div class=\"bwg-item0 \">          <div class=\"bwg-item1 \">            <div class=\"bwg-item2\">              <img class=\"skip-lazy bwg_standart_thumb_img_0 \"                   data-id=\"199\"                   data-width=\"\"                   data-height=\"\"                   data-src=\"http:\/\/margarete.wiggen.de\/wp-content\/uploads\/photo-gallery\/thumb\/1030_05.JPG\"                   src=\"http:\/\/margarete.wiggen.de\/wp-content\/uploads\/photo-gallery\/thumb\/1030_05.JPG\"                   alt=\"Wassersch\u00fctterin Schwarzenbach\/Saale\"                   title=\"Wassersch\u00fctterin Schwarzenbach\/Saale\" \/>            <\/div>            <div class=\"\">                                                      <\/div>          <\/div>        <\/div>                        <\/a>              <\/div>            <div class=\"bwg-item\">        <a class=\"bwg-a \"  data-elementor-open-lightbox=\"no\">                <div class=\"bwg-item0 \">          <div class=\"bwg-item1 \">            <div class=\"bwg-item2\">              <img class=\"skip-lazy bwg_standart_thumb_img_0 \"                   data-id=\"200\"                   data-width=\"\"                   data-height=\"\"                   data-src=\"http:\/\/margarete.wiggen.de\/wp-content\/uploads\/photo-gallery\/thumb\/1030_11.jpg\"                   src=\"http:\/\/margarete.wiggen.de\/wp-content\/uploads\/photo-gallery\/thumb\/1030_11.jpg\"                   alt=\"Wassersch\u00fctterin Schwarzenbach\/Saale\"                   title=\"Wassersch\u00fctterin Schwarzenbach\/Saale\" \/>            <\/div>            <div class=\"\">                                                      <\/div>          <\/div>        <\/div>                        <\/a>              <\/div>            <div class=\"bwg-item\">        <a class=\"bwg-a \"  data-elementor-open-lightbox=\"no\">                <div class=\"bwg-item0 \">          <div class=\"bwg-item1 \">            <div class=\"bwg-item2\">              <img class=\"skip-lazy bwg_standart_thumb_img_0 \"                   data-id=\"201\"                   data-width=\"\"                   data-height=\"\"                   data-src=\"http:\/\/margarete.wiggen.de\/wp-content\/uploads\/photo-gallery\/thumb\/1030_15.jpg\"                   src=\"http:\/\/margarete.wiggen.de\/wp-content\/uploads\/photo-gallery\/thumb\/1030_15.jpg\"                   alt=\"Wassersch\u00fctterin Schwarzenbach\/Saale\"                   title=\"Wassersch\u00fctterin Schwarzenbach\/Saale\" \/>            <\/div>            <div class=\"\">                                                      <\/div>          <\/div>        <\/div>                        <\/a>              <\/div>            <div class=\"bwg-item\">        <a class=\"bwg-a \"  data-elementor-open-lightbox=\"no\">                <div class=\"bwg-item0 \">          <div class=\"bwg-item1 \">            <div class=\"bwg-item2\">              <img class=\"skip-lazy bwg_standart_thumb_img_0 \"                   data-id=\"202\"                   data-width=\"\"                   data-height=\"\"                   data-src=\"http:\/\/margarete.wiggen.de\/wp-content\/uploads\/photo-gallery\/thumb\/1030_21_Presse_FP19900908.jpg\"                   src=\"http:\/\/margarete.wiggen.de\/wp-content\/uploads\/photo-gallery\/thumb\/1030_21_Presse_FP19900908.jpg\"                   alt=\"Wassersch\u00fctterin Schwarzenbach\/Saale\"                   title=\"Wassersch\u00fctterin Schwarzenbach\/Saale\" \/>            <\/div>            <div class=\"\">                                                      <\/div>          <\/div>        <\/div>                        <\/a>              <\/div>            <div class=\"bwg-item\">        <a class=\"bwg-a \"  data-elementor-open-lightbox=\"no\">                <div class=\"bwg-item0 \">          <div class=\"bwg-item1 \">            <div class=\"bwg-item2\">              <img class=\"skip-lazy bwg_standart_thumb_img_0 \"                   data-id=\"203\"                   data-width=\"\"                   data-height=\"\"                   data-src=\"http:\/\/margarete.wiggen.de\/wp-content\/uploads\/photo-gallery\/thumb\/1030_22_Presse_SA_19900908.jpg\"                   src=\"http:\/\/margarete.wiggen.de\/wp-content\/uploads\/photo-gallery\/thumb\/1030_22_Presse_SA_19900908.jpg\"                   alt=\"Wassersch\u00fctterin Schwarzenbach\/Saale\"                   title=\"Wassersch\u00fctterin Schwarzenbach\/Saale\" \/>            <\/div>            <div class=\"\">                                                      <\/div>          <\/div>        <\/div>                        <\/a>              <\/div>          <\/div>    <style>      \/*pagination styles*\/      #bwg_container1_0 #bwg_container2_0 .tablenav-pages_0 {\t\t\t\ttext-align: center;\t\t\t\tfont-size: 12px;\t\t\t\tfont-family: segoe ui;\t\t\t\tfont-weight: bold;\t\t\t\tcolor: #666666;\t\t\t\tmargin: 6px 0 4px;\t\t\t\tdisplay: block;      }      @media only screen and (max-width : 320px) {      #bwg_container1_0 #bwg_container2_0 .displaying-num_0 {     \t display: none;      }      }      #bwg_container1_0 #bwg_container2_0 .displaying-num_0 {\t\t\t\tfont-size: 12px;\t\t\t\tfont-family: segoe ui;\t\t\t\tfont-weight: bold;\t\t\t\tcolor: #666666;\t\t\t\tmargin-right: 10px;\t\t\t\tvertical-align: middle;      }      #bwg_container1_0 #bwg_container2_0 .paging-input_0 {\t\t\t\tfont-size: 12px;\t\t\t\tfont-family: segoe ui;\t\t\t\tfont-weight: bold;\t\t\t\tcolor: #666666;\t\t\t\tvertical-align: middle;      }      #bwg_container1_0 #bwg_container2_0 .tablenav-pages_0 a.disabled,      #bwg_container1_0 #bwg_container2_0 .tablenav-pages_0 a.disabled:hover,      #bwg_container1_0 #bwg_container2_0 .tablenav-pages_0 a.disabled:focus,\t\t\t#bwg_container1_0 #bwg_container2_0 .tablenav-pages_0 input.bwg_current_page {\t\t\t\tcursor: default;\t\t\t\tcolor: rgba(102, 102, 102, 0.5);      }      #bwg_container1_0 #bwg_container2_0 .tablenav-pages_0 a,      #bwg_container1_0 #bwg_container2_0 .tablenav-pages_0 input.bwg_current_page {\t\t\t\tcursor: pointer;\t\t\t\ttext-align: center;\t\t\t\tfont-size: 12px;\t\t\t\tfont-family: segoe ui;\t\t\t\tfont-weight: bold;\t\t\t\tcolor: #666666;\t\t\t\ttext-decoration: none;\t\t\t\tpadding: 3px 6px;\t\t\t\tmargin: 0;\t\t\t\tborder-radius: 0;\t\t\t\tborder-style: solid;\t\t\t\tborder-width: 1px;\t\t\t\tborder-color: #E3E3E3;\t\t\t\t\t\t\t\tbackground-color: rgba(255, 255, 255, 1.00);\t\t\t\tbox-shadow: 0;\t\t\t\ttransition: all 0.3s ease 0s;-webkit-transition: all 0.3s ease 0s;      }      <\/style>      <span class=\"bwg_nav_cont_0\">              <div class=\"tablenav-pages_0\">                  <\/div>                <input type=\"hidden\" id=\"page_number_0\" name=\"page_number_0\" value=\"1\" \/>      <script type=\"text\/javascript\">        if( jQuery('.bwg_nav_cont_0').length > 1 ) {          jQuery('.bwg_nav_cont_0').first().remove()        }        function spider_page_0(cur, x, y, load_more) {          if (typeof load_more == \"undefined\") {            var load_more = false;          }          if (jQuery(cur).hasClass('disabled')) {            return false;          }          var items_county_0 = 1;          switch (y) {            case 1:              if (x >= items_county_0) {                document.getElementById('page_number_0').value = items_county_0;              }              else {                document.getElementById('page_number_0').value = x + 1;              }              break;            case 2:              document.getElementById('page_number_0').value = items_county_0;              break;            case -1:              if (x == 1) {                document.getElementById('page_number_0').value = 1;              }              else {                document.getElementById('page_number_0').value = x - 1;              }              break;            case -2:              document.getElementById('page_number_0').value = 1;              break;\t\t\t\t\t\tcase 0:              document.getElementById('page_number_0').value = x;              break;            default:              document.getElementById('page_number_0').value = 1;          }          bwg_ajax('gal_front_form_0', '0', 'bwg_thumbnails_0', '0', '', 'gallery', 0, '', '', load_more, '', 1);        }                    jQuery('.first-page-0').on('click', function () {              spider_page_0(this, 1, -2, 'numeric');              return false;            });            jQuery('.prev-page-0').on('click', function () {              spider_page_0(this, 1, -1, 'numeric');              return false;            });            jQuery('.next-page-0').on('click', function () {              spider_page_0(this, 1, 1, 'numeric');              return false;            });            jQuery('.last-page-0').on('click', function () {              spider_page_0(this, 1, 2, 'numeric');              return false;            });        \t\t\t\t\/* Change page on input enter. *\/        function bwg_change_page_0( e, that ) {          if (  e.key == 'Enter' ) {            var to_page = parseInt(jQuery(that).val());            var pages_count = jQuery(that).parents(\".pagination-links\").data(\"pages-count\");            var current_url_param = jQuery(that).attr('data-url-info');            if (to_page > pages_count) {              to_page = 1;            }\t \t\t\t\t\t\t\t\t\t\t\t\tspider_page_0(this, to_page, 0, 'numeric');\t\t\t\t\t\t\treturn false;\t\t\t\t\t\t          }          return true;        }        jQuery('.bwg_load_btn_0').on('click', function () {            spider_page_0(this, 1, 1, true);            return false;        });      <\/script>      <\/span>                <\/div>        <\/form>              <\/div>    <\/div>    <script>      if (document.readyState === 'complete') {        if( typeof bwg_main_ready == 'function' ) {          if ( jQuery(\"#bwg_container1_0\").height() ) {            bwg_main_ready(jQuery(\"#bwg_container1_0\"));          }        }      } else {        document.addEventListener('DOMContentLoaded', function() {          if( typeof bwg_main_ready == 'function' ) {            if ( jQuery(\"#bwg_container1_0\").height() ) {             bwg_main_ready(jQuery(\"#bwg_container1_0\"));            }          }        });      }    <\/script>    \n","protected":false},"excerpt":{"rendered":"<p>Ein M\u00e4dchen sitzt so ganz allein auf einer Bank, die ist aus Stein. Aus dem Kruge, den es h\u00e4lt, klares Wasser niederf\u00e4llt. Einst sprach ich es freundlich an, ob ich mich zu ihm setzen kann. Doch es hat nicht mit mir geredt, hat nicht einmal den Kopf gedreht. Als ich dennoch n\u00e4her kam, eine Hand &hellip; <\/p>\n<p class=\"link-more\"><a href=\"http:\/\/margarete.wiggen.de\/?page_id=595\" class=\"more-link\"><span class=\"screen-reader-text\">\u201e1991 Wassersch\u00fctterin Schwarzenbach\/Saale\u201c<\/span> weiterlesen<\/a><\/p>\n","protected":false},"author":1,"featured_media":0,"parent":13,"menu_order":19,"comment_status":"closed","ping_status":"closed","template":"","meta":[],"_links":{"self":[{"href":"http:\/\/margarete.wiggen.de\/index.php?rest_route=\/wp\/v2\/pages\/595"}],"collection":[{"href":"http:\/\/margarete.wiggen.de\/index.php?rest_route=\/wp\/v2\/pages"}],"about":[{"href":"http:\/\/margarete.wiggen.de\/index.php?rest_route=\/wp\/v2\/types\/page"}],"author":[{"embeddable":true,"href":"http:\/\/margarete.wiggen.de\/index.php?rest_route=\/wp\/v2\/users\/1"}],"replies":[{"embeddable":true,"href":"http:\/\/margarete.wiggen.de\/index.php?rest_route=%2Fwp%2Fv2%2Fcomments&post=595"}],"version-history":[{"count":1,"href":"http:\/\/margarete.wiggen.de\/index.php?rest_route=\/wp\/v2\/pages\/595\/revisions"}],"predecessor-version":[{"id":596,"href":"http:\/\/margarete.wiggen.de\/index.php?rest_route=\/wp\/v2\/pages\/595\/revisions\/596"}],"up":[{"embeddable":true,"href":"http:\/\/margarete.wiggen.de\/index.php?rest_route=\/wp\/v2\/pages\/13"}],"wp:attachment":[{"href":"http:\/\/margarete.wiggen.de\/index.php?rest_route=%2Fwp%2Fv2%2Fmedia&parent=595"}],"curies":[{"name":"wp","href":"https:\/\/api.w.org\/{rel}","templated":true}]}}