{"id":336,"date":"2011-02-20T21:46:25","date_gmt":"2011-02-20T21:46:25","guid":{"rendered":"http:\/\/margarete.wiggen.de\/?page_id=336"},"modified":"2014-07-14T14:17:41","modified_gmt":"2014-07-14T14:17:41","slug":"1986-siedlerfamilie-rehau","status":"publish","type":"page","link":"http:\/\/margarete.wiggen.de\/?page_id=336","title":{"rendered":"1986 Siedler-Brunnen Rehau"},"content":{"rendered":"<p><a href=\"http:\/\/margarete.wiggen.de\/wp-content\/uploads\/2011\/02\/1027_05.jpg\" target=\"_blank\"><img decoding=\"async\" loading=\"lazy\" class=\"alignleft wp-image-587 size-medium\" src=\"http:\/\/margarete.wiggen.de\/wp-content\/uploads\/2011\/02\/1027_05-200x300.jpg\" alt=\"1027_05\" width=\"200\" height=\"300\" srcset=\"http:\/\/margarete.wiggen.de\/wp-content\/uploads\/2011\/02\/1027_05-200x300.jpg 200w, http:\/\/margarete.wiggen.de\/wp-content\/uploads\/2011\/02\/1027_05-682x1024.jpg 682w, http:\/\/margarete.wiggen.de\/wp-content\/uploads\/2011\/02\/1027_05-624x935.jpg 624w, http:\/\/margarete.wiggen.de\/wp-content\/uploads\/2011\/02\/1027_05.jpg 940w\" sizes=\"(max-width: 200px) 100vw, 200px\" \/><\/a><em>Die Siedlerfamilien sind durch Flei\u00df und K\u00f6nnen zu Besitzstand gelangt. Es ist aber gut, sich der alten Zeiten zu erinnern, um die Leistung der Menschen nicht zu ver\u00adgessen.<\/em><\/p>\n<p>Auf dem Siedlerfestplatz, am Ende der Birkenstra\u00dfe, steht der im Jahre 1986 er\u00adrichtete, von Frau Margarete Wiggen entworfene Brunnen, dessen Skulptur gleich\u00adzeitig ein Denkmal ist. Siedlerfamilien waren es, die sich in schweren Zeiten eine neue Heimstatt erschu\u00adfen. Eine bescheidene Wohnung sollte es sein, ein kleiner Stall f\u00fcr Hasen, H\u00fchner und Ziegen, dazu der notwendige Schuppen, ein Holzplatz, Land f\u00fcr das n\u00f6tigste Gem\u00fcse, etwas Gr\u00fcnfutter und einige Obststr\u00e4ucher oder -b\u00e4ume. Dies alles war nat\u00fcrlich nur im Nebenerwerb zu bewirtschaften, nach einem vollen Arbeitstag in einem Betrieb, einer Werkstatt oder auch einem B\u00fcro. Nicht jedes Lebensmittel kaufen zu m\u00fcssen, stellte in diesen Zeiten eine gro\u00dfe Hilfe dar. Gefordert war da nat\u00fcrlich die ganze Familie und die Freizeit der Kinder be\u00adstand h\u00e4ufig in einer sinnvollen Unterst\u00fctzung der Eltern. Die Familien, Keimzellen eines jeden Volkes, standen im Mittelpunkt des gesam\u00adten Siedlergeschehens. Gleich zu welcher Zeit, ob es nun die Entstehung der \u201eAlten Siedlung&#8220; in den Vorkriegsjahren war, die Entstehung der \u201eFritz-Strobel-Siedlung&#8220; in den f\u00fcnfziger Jahren oder die Entwicklung der \u201eHinteren Siedlung&#8220; noch eine Zeitspanne sp\u00e4ter.<\/p>\n<style id=\"bwg-style-0\">    #bwg_container1_0 #bwg_container2_0 .bwg-container-0.bwg-standard-thumbnails {      width: 1004px;              justify-content: center;        margin:0 auto !important;              background-color: rgba(255, 255, 255, 0.00);            padding-left: 4px;      padding-top: 4px;      max-width: 100%;            }        #bwg_container1_0 #bwg_container2_0 .bwg-container-0.bwg-standard-thumbnails .bwg-item {    justify-content: flex-start;      max-width: 200px;            width: 200px !important;          }    #bwg_container1_0 #bwg_container2_0 .bwg-container-0.bwg-standard-thumbnails .bwg-item a {       margin-right: 4px;       margin-bottom: 4px;    }    #bwg_container1_0 #bwg_container2_0 .bwg-container-0.bwg-standard-thumbnails .bwg-item0 {      padding: 0px;            background-color:rgba(255,255,255, 0.30);      border: 0px none #CCCCCC;      opacity: 1.00;      border-radius: 0;      box-shadow: 0px 0px 0px #888888;    }    #bwg_container1_0 #bwg_container2_0 .bwg-container-0.bwg-standard-thumbnails .bwg-item1 img {      max-height: none;      max-width: none;      padding: 0 !important;    }        @media only screen and (min-width: 480px) {      #bwg_container1_0 #bwg_container2_0 .bwg-container-0.bwg-standard-thumbnails .bwg-item0 {        transition: all 0.3s ease 0s;-webkit-transition: all 0.3s ease 0s;      }      #bwg_container1_0 #bwg_container2_0 .bwg-container-0.bwg-standard-thumbnails .bwg-item0:hover {        -ms-transform: scale(1.1);        -webkit-transform: scale(1.1);        transform: scale(1.1);      }    }          #bwg_container1_0 #bwg_container2_0 .bwg-container-0.bwg-standard-thumbnails .bwg-item1 {      padding-top: 100%;    }        #bwg_container1_0 #bwg_container2_0 .bwg-container-0.bwg-standard-thumbnails .bwg-title2,    #bwg_container1_0 #bwg_container2_0 .bwg-container-0.bwg-standard-thumbnails .bwg-ecommerce2 {      color: #CCCCCC;      font-family: segoe ui;      font-size: 16px;      font-weight: bold;      padding: 2px;      text-shadow: 0px 0px 0px #888888;      max-height: 100%;    }    #bwg_container1_0 #bwg_container2_0 .bwg-container-0.bwg-standard-thumbnails .bwg-thumb-description span {    color: #323A45;    font-family: Ubuntu;    font-size: 12px;    max-height: 100%;    word-wrap: break-word;    }    #bwg_container1_0 #bwg_container2_0 .bwg-container-0.bwg-standard-thumbnails .bwg-play-icon2 {      font-size: 32px;    }    #bwg_container1_0 #bwg_container2_0 .bwg-container-0.bwg-standard-thumbnails .bwg-ecommerce2 {      font-size: 19.2px;      color: #CCCCCC;    }    <\/style>    <div id=\"bwg_container1_0\"         class=\"bwg_container bwg_thumbnail bwg_thumbnails \"         data-right-click-protection=\"0\"         data-bwg=\"0\"         data-scroll=\"0\"         data-gallery-type=\"thumbnails\"         data-gallery-view-type=\"thumbnails\"         data-current-url=\"\/index.php?rest_route=%2Fwp%2Fv2%2Fpages%2F336\"         data-lightbox-url=\"http:\/\/margarete.wiggen.de\/wp-admin\/admin-ajax.php?action=GalleryBox&#038;current_view=0&#038;gallery_id=15&#038;tag=0&#038;theme_id=1&#038;shortcode_id=0&#038;sort_by=order&#038;order_by=desc&#038;current_url=%2Findex.php%3Frest_route%3D%252Fwp%252Fv2%252Fpages%252F336\"         data-gallery-id=\"15\"         data-popup-width=\"800\"         data-popup-height=\"500\"         data-is-album=\"gallery\"         data-buttons-position=\"bottom\">      <div id=\"bwg_container2_0\">             <div id=\"ajax_loading_0\" class=\"bwg_loading_div_1\">      <div class=\"bwg_loading_div_2\">        <div class=\"bwg_loading_div_3\">          <div id=\"loading_div_0\" class=\"bwg_spider_ajax_loading\">          <\/div>        <\/div>      <\/div>    <\/div>            <form id=\"gal_front_form_0\"              class=\"bwg-hidden\"              method=\"post\"              action=\"#\"              data-current=\"0\"              data-shortcode-id=\"0\"              data-gallery-type=\"thumbnails\"              data-gallery-id=\"15\"              data-tag=\"0\"              data-album-id=\"0\"              data-theme-id=\"1\"              data-ajax-url=\"http:\/\/margarete.wiggen.de\/wp-admin\/admin-ajax.php?action=bwg_frontend_data\">          <div id=\"bwg_container3_0\" class=\"bwg-background bwg-background-0\">                <div data-max-count=\"5\"         data-thumbnail-width=\"200\"         data-bwg=\"0\"         data-gallery-id=\"15\"         data-lightbox-url=\"http:\/\/margarete.wiggen.de\/wp-admin\/admin-ajax.php?action=GalleryBox&amp;current_view=0&amp;gallery_id=15&amp;tag=0&amp;theme_id=1&amp;shortcode_id=0&amp;sort_by=order&amp;order_by=desc&amp;current_url=%2Findex.php%3Frest_route%3D%252Fwp%252Fv2%252Fpages%252F336\"         id=\"bwg_thumbnails_0\"         class=\"bwg-container-0 bwg-thumbnails bwg-standard-thumbnails bwg-container bwg-border-box\">            <div class=\"bwg-item\">        <a class=\"bwg-a \"  data-elementor-open-lightbox=\"no\">                <div class=\"bwg-item0 \">          <div class=\"bwg-item1 \">            <div class=\"bwg-item2\">              <img class=\"skip-lazy bwg_standart_thumb_img_0 \"                   data-id=\"183\"                   data-width=\"\"                   data-height=\"\"                   data-src=\"http:\/\/margarete.wiggen.de\/wp-content\/uploads\/photo-gallery\/thumb\/1027_01.JPG\"                   src=\"http:\/\/margarete.wiggen.de\/wp-content\/uploads\/photo-gallery\/thumb\/1027_01.JPG\"                   alt=\"Siedler-Brunnen Rehau\"                   title=\"Siedler-Brunnen Rehau\" \/>            <\/div>            <div class=\"\">                                                      <\/div>          <\/div>        <\/div>                        <\/a>              <\/div>            <div class=\"bwg-item\">        <a class=\"bwg-a \"  data-elementor-open-lightbox=\"no\">                <div class=\"bwg-item0 \">          <div class=\"bwg-item1 \">            <div class=\"bwg-item2\">              <img class=\"skip-lazy bwg_standart_thumb_img_0 \"                   data-id=\"184\"                   data-width=\"\"                   data-height=\"\"                   data-src=\"http:\/\/margarete.wiggen.de\/wp-content\/uploads\/photo-gallery\/thumb\/1027_02.JPG\"                   src=\"http:\/\/margarete.wiggen.de\/wp-content\/uploads\/photo-gallery\/thumb\/1027_02.JPG\"                   alt=\"Siedler-Brunnen Rehau\"                   title=\"Siedler-Brunnen Rehau\" \/>            <\/div>            <div class=\"\">                                                      <\/div>          <\/div>        <\/div>                        <\/a>              <\/div>            <div class=\"bwg-item\">        <a class=\"bwg-a \"  data-elementor-open-lightbox=\"no\">                <div class=\"bwg-item0 \">          <div class=\"bwg-item1 \">            <div class=\"bwg-item2\">              <img class=\"skip-lazy bwg_standart_thumb_img_0 \"                   data-id=\"185\"                   data-width=\"\"                   data-height=\"\"                   data-src=\"http:\/\/margarete.wiggen.de\/wp-content\/uploads\/photo-gallery\/thumb\/1027_03.JPG\"                   src=\"http:\/\/margarete.wiggen.de\/wp-content\/uploads\/photo-gallery\/thumb\/1027_03.JPG\"                   alt=\"Siedler-Brunnen Rehau\"                   title=\"Siedler-Brunnen Rehau\" \/>            <\/div>            <div class=\"\">                                                      <\/div>          <\/div>        <\/div>                        <\/a>              <\/div>            <div class=\"bwg-item\">        <a class=\"bwg-a \"  data-elementor-open-lightbox=\"no\">                <div class=\"bwg-item0 \">          <div class=\"bwg-item1 \">            <div class=\"bwg-item2\">              <img class=\"skip-lazy bwg_standart_thumb_img_0 \"                   data-id=\"186\"                   data-width=\"\"                   data-height=\"\"                   data-src=\"http:\/\/margarete.wiggen.de\/wp-content\/uploads\/photo-gallery\/thumb\/1027_04.JPG\"                   src=\"http:\/\/margarete.wiggen.de\/wp-content\/uploads\/photo-gallery\/thumb\/1027_04.JPG\"                   alt=\"Siedler-Brunnen Rehau\"                   title=\"Siedler-Brunnen Rehau\" \/>            <\/div>            <div class=\"\">                                                      <\/div>          <\/div>        <\/div>                        <\/a>              <\/div>            <div class=\"bwg-item\">        <a class=\"bwg-a \"  data-elementor-open-lightbox=\"no\">                <div class=\"bwg-item0 \">          <div class=\"bwg-item1 \">            <div class=\"bwg-item2\">              <img class=\"skip-lazy bwg_standart_thumb_img_0 \"                   data-id=\"187\"                   data-width=\"\"                   data-height=\"\"                   data-src=\"http:\/\/margarete.wiggen.de\/wp-content\/uploads\/photo-gallery\/thumb\/1027_05.JPG\"                   src=\"http:\/\/margarete.wiggen.de\/wp-content\/uploads\/photo-gallery\/thumb\/1027_05.JPG\"                   alt=\"Siedler-Brunnen Rehau\"                   title=\"Siedler-Brunnen Rehau\" \/>            <\/div>            <div class=\"\">                                                      <\/div>          <\/div>        <\/div>                        <\/a>              <\/div>            <div class=\"bwg-item\">        <a class=\"bwg-a \"  data-elementor-open-lightbox=\"no\">                <div class=\"bwg-item0 \">          <div class=\"bwg-item1 \">            <div class=\"bwg-item2\">              <img class=\"skip-lazy bwg_standart_thumb_img_0 \"                   data-id=\"188\"                   data-width=\"\"                   data-height=\"\"                   data-src=\"http:\/\/margarete.wiggen.de\/wp-content\/uploads\/photo-gallery\/thumb\/1027_06.JPG\"                   src=\"http:\/\/margarete.wiggen.de\/wp-content\/uploads\/photo-gallery\/thumb\/1027_06.JPG\"                   alt=\"Siedler-Brunnen Rehau\"                   title=\"Siedler-Brunnen Rehau\" \/>            <\/div>            <div class=\"\">                                                      <\/div>          <\/div>        <\/div>                        <\/a>              <\/div>            <div class=\"bwg-item\">        <a class=\"bwg-a \"  data-elementor-open-lightbox=\"no\">                <div class=\"bwg-item0 \">          <div class=\"bwg-item1 \">            <div class=\"bwg-item2\">              <img class=\"skip-lazy bwg_standart_thumb_img_0 \"                   data-id=\"189\"                   data-width=\"\"                   data-height=\"\"                   data-src=\"http:\/\/margarete.wiggen.de\/wp-content\/uploads\/photo-gallery\/thumb\/1027_11_Atelier.jpg\"                   src=\"http:\/\/margarete.wiggen.de\/wp-content\/uploads\/photo-gallery\/thumb\/1027_11_Atelier.jpg\"                   alt=\"Siedler-Brunnen Rehau\"                   title=\"Siedler-Brunnen Rehau\" \/>            <\/div>            <div class=\"\">                                                      <\/div>          <\/div>        <\/div>                        <\/a>              <\/div>            <div class=\"bwg-item\">        <a class=\"bwg-a \"  data-elementor-open-lightbox=\"no\">                <div class=\"bwg-item0 \">          <div class=\"bwg-item1 \">            <div class=\"bwg-item2\">              <img class=\"skip-lazy bwg_standart_thumb_img_0 \"                   data-id=\"190\"                   data-width=\"\"                   data-height=\"\"                   data-src=\"http:\/\/margarete.wiggen.de\/wp-content\/uploads\/photo-gallery\/thumb\/1027_12_Atelier.jpg\"                   src=\"http:\/\/margarete.wiggen.de\/wp-content\/uploads\/photo-gallery\/thumb\/1027_12_Atelier.jpg\"                   alt=\"Siedler-Brunnen Rehau\"                   title=\"Siedler-Brunnen Rehau\" \/>            <\/div>            <div class=\"\">                                                      <\/div>          <\/div>        <\/div>                        <\/a>              <\/div>            <div class=\"bwg-item\">        <a class=\"bwg-a \"  data-elementor-open-lightbox=\"no\">                <div class=\"bwg-item0 \">          <div class=\"bwg-item1 \">            <div class=\"bwg-item2\">              <img class=\"skip-lazy bwg_standart_thumb_img_0 \"                   data-id=\"191\"                   data-width=\"\"                   data-height=\"\"                   data-src=\"http:\/\/margarete.wiggen.de\/wp-content\/uploads\/photo-gallery\/thumb\/1027_13_Atelier.jpg\"                   src=\"http:\/\/margarete.wiggen.de\/wp-content\/uploads\/photo-gallery\/thumb\/1027_13_Atelier.jpg\"                   alt=\"Siedler-Brunnen Rehau\"                   title=\"Siedler-Brunnen Rehau\" \/>            <\/div>            <div class=\"\">                                                      <\/div>          <\/div>        <\/div>                        <\/a>              <\/div>            <div class=\"bwg-item\">        <a class=\"bwg-a \"  data-elementor-open-lightbox=\"no\">                <div class=\"bwg-item0 \">          <div class=\"bwg-item1 \">            <div class=\"bwg-item2\">              <img class=\"skip-lazy bwg_standart_thumb_img_0 \"                   data-id=\"192\"                   data-width=\"\"                   data-height=\"\"                   data-src=\"http:\/\/margarete.wiggen.de\/wp-content\/uploads\/photo-gallery\/thumb\/1027_21_Presse_RT19860630.jpg\"                   src=\"http:\/\/margarete.wiggen.de\/wp-content\/uploads\/photo-gallery\/thumb\/1027_21_Presse_RT19860630.jpg\"                   alt=\"Siedler-Brunnen Rehau\"                   title=\"Siedler-Brunnen Rehau\" \/>            <\/div>            <div class=\"\">                                                      <\/div>          <\/div>        <\/div>                        <\/a>              <\/div>            <div class=\"bwg-item\">        <a class=\"bwg-a \"  data-elementor-open-lightbox=\"no\">                <div class=\"bwg-item0 \">          <div class=\"bwg-item1 \">            <div class=\"bwg-item2\">              <img class=\"skip-lazy bwg_standart_thumb_img_0 \"                   data-id=\"193\"                   data-width=\"\"                   data-height=\"\"                   data-src=\"http:\/\/margarete.wiggen.de\/wp-content\/uploads\/photo-gallery\/thumb\/1027_22_Presse_PP19860704.jpg\"                   src=\"http:\/\/margarete.wiggen.de\/wp-content\/uploads\/photo-gallery\/thumb\/1027_22_Presse_PP19860704.jpg\"                   alt=\"Siedler-Brunnen Rehau\"                   title=\"Siedler-Brunnen Rehau\" \/>            <\/div>            <div class=\"\">                                                      <\/div>          <\/div>        <\/div>                        <\/a>              <\/div>            <div class=\"bwg-item\">        <a class=\"bwg-a \"  data-elementor-open-lightbox=\"no\">                <div class=\"bwg-item0 \">          <div class=\"bwg-item1 \">            <div class=\"bwg-item2\">              <img class=\"skip-lazy bwg_standart_thumb_img_0 \"                   data-id=\"194\"                   data-width=\"\"                   data-height=\"\"                   data-src=\"http:\/\/margarete.wiggen.de\/wp-content\/uploads\/photo-gallery\/thumb\/1027_23_Presse_RT19951027.jpg\"                   src=\"http:\/\/margarete.wiggen.de\/wp-content\/uploads\/photo-gallery\/thumb\/1027_23_Presse_RT19951027.jpg\"                   alt=\"Siedler-Brunnen Rehau\"                   title=\"Siedler-Brunnen Rehau\" \/>            <\/div>            <div class=\"\">                                                      <\/div>          <\/div>        <\/div>                        <\/a>              <\/div>          <\/div>    <style>      \/*pagination styles*\/      #bwg_container1_0 #bwg_container2_0 .tablenav-pages_0 {\t\t\t\ttext-align: center;\t\t\t\tfont-size: 12px;\t\t\t\tfont-family: segoe ui;\t\t\t\tfont-weight: bold;\t\t\t\tcolor: #666666;\t\t\t\tmargin: 6px 0 4px;\t\t\t\tdisplay: block;      }      @media only screen and (max-width : 320px) {      #bwg_container1_0 #bwg_container2_0 .displaying-num_0 {     \t display: none;      }      }      #bwg_container1_0 #bwg_container2_0 .displaying-num_0 {\t\t\t\tfont-size: 12px;\t\t\t\tfont-family: segoe ui;\t\t\t\tfont-weight: bold;\t\t\t\tcolor: #666666;\t\t\t\tmargin-right: 10px;\t\t\t\tvertical-align: middle;      }      #bwg_container1_0 #bwg_container2_0 .paging-input_0 {\t\t\t\tfont-size: 12px;\t\t\t\tfont-family: segoe ui;\t\t\t\tfont-weight: bold;\t\t\t\tcolor: #666666;\t\t\t\tvertical-align: middle;      }      #bwg_container1_0 #bwg_container2_0 .tablenav-pages_0 a.disabled,      #bwg_container1_0 #bwg_container2_0 .tablenav-pages_0 a.disabled:hover,      #bwg_container1_0 #bwg_container2_0 .tablenav-pages_0 a.disabled:focus,\t\t\t#bwg_container1_0 #bwg_container2_0 .tablenav-pages_0 input.bwg_current_page {\t\t\t\tcursor: default;\t\t\t\tcolor: rgba(102, 102, 102, 0.5);      }      #bwg_container1_0 #bwg_container2_0 .tablenav-pages_0 a,      #bwg_container1_0 #bwg_container2_0 .tablenav-pages_0 input.bwg_current_page {\t\t\t\tcursor: pointer;\t\t\t\ttext-align: center;\t\t\t\tfont-size: 12px;\t\t\t\tfont-family: segoe ui;\t\t\t\tfont-weight: bold;\t\t\t\tcolor: #666666;\t\t\t\ttext-decoration: none;\t\t\t\tpadding: 3px 6px;\t\t\t\tmargin: 0;\t\t\t\tborder-radius: 0;\t\t\t\tborder-style: solid;\t\t\t\tborder-width: 1px;\t\t\t\tborder-color: #E3E3E3;\t\t\t\t\t\t\t\tbackground-color: rgba(255, 255, 255, 1.00);\t\t\t\tbox-shadow: 0;\t\t\t\ttransition: all 0.3s ease 0s;-webkit-transition: all 0.3s ease 0s;      }      <\/style>      <span class=\"bwg_nav_cont_0\">              <div class=\"tablenav-pages_0\">                  <\/div>                <input type=\"hidden\" id=\"page_number_0\" name=\"page_number_0\" value=\"1\" \/>      <script type=\"text\/javascript\">        if( jQuery('.bwg_nav_cont_0').length > 1 ) {          jQuery('.bwg_nav_cont_0').first().remove()        }        function spider_page_0(cur, x, y, load_more) {          if (typeof load_more == \"undefined\") {            var load_more = false;          }          if (jQuery(cur).hasClass('disabled')) {            return false;          }          var items_county_0 = 1;          switch (y) {            case 1:              if (x >= items_county_0) {                document.getElementById('page_number_0').value = items_county_0;              }              else {                document.getElementById('page_number_0').value = x + 1;              }              break;            case 2:              document.getElementById('page_number_0').value = items_county_0;              break;            case -1:              if (x == 1) {                document.getElementById('page_number_0').value = 1;              }              else {                document.getElementById('page_number_0').value = x - 1;              }              break;            case -2:              document.getElementById('page_number_0').value = 1;              break;\t\t\t\t\t\tcase 0:              document.getElementById('page_number_0').value = x;              break;            default:              document.getElementById('page_number_0').value = 1;          }          bwg_ajax('gal_front_form_0', '0', 'bwg_thumbnails_0', '0', '', 'gallery', 0, '', '', load_more, '', 1);        }                    jQuery('.first-page-0').on('click', function () {              spider_page_0(this, 1, -2, 'numeric');              return false;            });            jQuery('.prev-page-0').on('click', function () {              spider_page_0(this, 1, -1, 'numeric');              return false;            });            jQuery('.next-page-0').on('click', function () {              spider_page_0(this, 1, 1, 'numeric');              return false;            });            jQuery('.last-page-0').on('click', function () {              spider_page_0(this, 1, 2, 'numeric');              return false;            });        \t\t\t\t\/* Change page on input enter. *\/        function bwg_change_page_0( e, that ) {          if (  e.key == 'Enter' ) {            var to_page = parseInt(jQuery(that).val());            var pages_count = jQuery(that).parents(\".pagination-links\").data(\"pages-count\");            var current_url_param = jQuery(that).attr('data-url-info');            if (to_page > pages_count) {              to_page = 1;            }\t \t\t\t\t\t\t\t\t\t\t\t\tspider_page_0(this, to_page, 0, 'numeric');\t\t\t\t\t\t\treturn false;\t\t\t\t\t\t          }          return true;        }        jQuery('.bwg_load_btn_0').on('click', function () {            spider_page_0(this, 1, 1, true);            return false;        });      <\/script>      <\/span>                <\/div>        <\/form>              <\/div>    <\/div>    <script>      if (document.readyState === 'complete') {        if( typeof bwg_main_ready == 'function' ) {          if ( jQuery(\"#bwg_container1_0\").height() ) {            bwg_main_ready(jQuery(\"#bwg_container1_0\"));          }        }      } else {        document.addEventListener('DOMContentLoaded', function() {          if( typeof bwg_main_ready == 'function' ) {            if ( jQuery(\"#bwg_container1_0\").height() ) {             bwg_main_ready(jQuery(\"#bwg_container1_0\"));            }          }        });      }    <\/script>    \n<hr \/>\n<p>WEBLINK:<br \/>\n<a title=\"Siedlerbrunnen\" href=\"http:\/\/fichtelgebirge.bayern-online.de\/die-region\/staedte-und-gemeinden\/rehau\/sehenswertes\/denkmaeler\/siedlerbrunnen\/\" target=\"_blank\">http:\/\/fichtelgebirge.bayern-online.de\/die-region\/staedte-und-gemeinden\/rehau\/sehenswertes\/denkmaeler\/siedlerbrunnen\/<\/a><\/p>\n<p>&nbsp;<\/p>\n","protected":false},"excerpt":{"rendered":"<p>Die Siedlerfamilien sind durch Flei\u00df und K\u00f6nnen zu Besitzstand gelangt. Es ist aber gut, sich der alten Zeiten zu erinnern, um die Leistung der Menschen nicht zu ver\u00adgessen. Auf dem Siedlerfestplatz, am Ende der Birkenstra\u00dfe, steht der im Jahre 1986 er\u00adrichtete, von Frau Margarete Wiggen entworfene Brunnen, dessen Skulptur gleich\u00adzeitig ein Denkmal ist. Siedlerfamilien waren &hellip; <\/p>\n<p class=\"link-more\"><a href=\"http:\/\/margarete.wiggen.de\/?page_id=336\" class=\"more-link\"><span class=\"screen-reader-text\">\u201e1986 Siedler-Brunnen Rehau\u201c<\/span> weiterlesen<\/a><\/p>\n","protected":false},"author":1,"featured_media":0,"parent":13,"menu_order":18,"comment_status":"closed","ping_status":"closed","template":"","meta":[],"_links":{"self":[{"href":"http:\/\/margarete.wiggen.de\/index.php?rest_route=\/wp\/v2\/pages\/336"}],"collection":[{"href":"http:\/\/margarete.wiggen.de\/index.php?rest_route=\/wp\/v2\/pages"}],"about":[{"href":"http:\/\/margarete.wiggen.de\/index.php?rest_route=\/wp\/v2\/types\/page"}],"author":[{"embeddable":true,"href":"http:\/\/margarete.wiggen.de\/index.php?rest_route=\/wp\/v2\/users\/1"}],"replies":[{"embeddable":true,"href":"http:\/\/margarete.wiggen.de\/index.php?rest_route=%2Fwp%2Fv2%2Fcomments&post=336"}],"version-history":[{"count":11,"href":"http:\/\/margarete.wiggen.de\/index.php?rest_route=\/wp\/v2\/pages\/336\/revisions"}],"predecessor-version":[{"id":589,"href":"http:\/\/margarete.wiggen.de\/index.php?rest_route=\/wp\/v2\/pages\/336\/revisions\/589"}],"up":[{"embeddable":true,"href":"http:\/\/margarete.wiggen.de\/index.php?rest_route=\/wp\/v2\/pages\/13"}],"wp:attachment":[{"href":"http:\/\/margarete.wiggen.de\/index.php?rest_route=%2Fwp%2Fv2%2Fmedia&parent=336"}],"curies":[{"name":"wp","href":"https:\/\/api.w.org\/{rel}","templated":true}]}}