{"id":261,"date":"2011-02-19T22:37:55","date_gmt":"2011-02-19T22:37:55","guid":{"rendered":"http:\/\/margarete.wiggen.de\/?page_id=261"},"modified":"2014-07-12T16:24:14","modified_gmt":"2014-07-12T16:24:14","slug":"1979-relief-stadtgeschichte-hof","status":"publish","type":"page","link":"http:\/\/margarete.wiggen.de\/?page_id=261","title":{"rendered":"1979 Relief Rathaus Hof"},"content":{"rendered":"<p><strong>Bronzeplatte erz\u00e4hlt die lange Geschichte des Hofer Rathauses<\/strong><\/p>\n<p><a href=\"http:\/\/margarete.wiggen.de\/wp-content\/uploads\/2011\/02\/1016aa.jpg\"><img decoding=\"async\" loading=\"lazy\" class=\"aligncenter size-large wp-image-546\" src=\"http:\/\/margarete.wiggen.de\/wp-content\/uploads\/2011\/02\/1016aa-694x1024.jpg\" alt=\"Rathausrelief\" width=\"625\" height=\"922\" srcset=\"http:\/\/margarete.wiggen.de\/wp-content\/uploads\/2011\/02\/1016aa-694x1024.jpg 694w, http:\/\/margarete.wiggen.de\/wp-content\/uploads\/2011\/02\/1016aa-203x300.jpg 203w, http:\/\/margarete.wiggen.de\/wp-content\/uploads\/2011\/02\/1016aa.jpg 1157w\" sizes=\"(max-width: 625px) 100vw, 625px\" \/><\/a><\/p>\n<p>In mehrmonatiger Arbeit entstand im Bildhaueratelier Wiggen in K\u00f6ditz eine Bronzeplatte, die Wissenswertes aus der Geschichte des Hofer Rathauses berichtet. Die Mittel f\u00fcr diese Arbeit stammen aus dem Gewinn der Stadt Hof aus der Fernseh-Show \u201eAllein gegen Alle&#8220; die im Jahr 1978 live aus Hof gesendet worden war.<\/p>\n<p>Der Stil, in dem M.K. Wiggen Geschichte, Begebenheiten und Begleitumst\u00e4nde kompositorisch wie formal gestaltet, ist \u2013 wie Auftr\u00e4ge aus dem In- und Ausland beweisen &#8211; , mehr und mehr gesch\u00e4tzt. Mit der Geschichte des Hofer Rathauses hat sich die K\u00fcnstlerin eingehend befasst. Schrift und Bild sollen sp\u00e4teren Generationen die wechselvolle Vergangenheit des Rathauses und damit auch das Schicksal der B\u00fcrger dieser Stadt vor Augen f\u00fchren.<\/p>\n<p>Das Figurengewebe, dass sich \u00fcber die linke Bildh\u00e4lfte zieht, wirkt wie ein ununterbrochener Strom von Menschen, die durch die Zeiten gehen. Ein Zug der Generationen, der Zeugnis gibt von Tradition und Beharrlichkeit. Durch das Ineinander \u00fcbergehen der verschiedenen Figurengruppen entsteht eine lebendige Gesamtstruktur. Bildnerisches Hauptanliegen ist nicht die Einzelfigur, sondern die lebendige B\u00fcrgergemeinschaft.<\/p>\n<p>Die Schrift, Zeichen f\u00fcr Zeichen mit der Hand ausmodelliert, macht einen gro\u00dfen Teil der Gesamtkomposition aus.<\/p>\n<p>Am Anfang des Figurenreigens steht das urspr\u00fcngliche Amtshaus der Landesherren mit Ratsstube, B\u00fcttelhaus und Verkaufsst\u00e4nden der verschiedenen Z\u00fcnfte.<\/p>\n<p>Der Neubau von 1563\/66 wurde von mehreren Br\u00e4nden heimgesucht. Soldaten und Reiter deuten auf die schwere Zeit des Drei\u00dfigj\u00e4hrigen Krieges. Der gro\u00dfe Brand von 1823 vernichtete abermals das Rathaus, diesmal bis auf Au\u00dfenmauern und Gew\u00f6lbe.<\/p>\n<p>Feuer und Asche, Kriege und Zerst\u00f6rung konnten jedoch den Wiederaufbauwillen der Bev\u00f6lkerung nicht l\u00e4hmen. Wie die aufgehende Sonne immer wieder den neuen Tag anzeigt, k\u00fcndet der Richtkranz Freude \u00fcber den Neubeginn.<\/p>\n<p><a href=\"http:\/\/margarete.wiggen.de\/wp-content\/uploads\/2011\/02\/mkw_1016_FP19791031.jpg\"><img decoding=\"async\" loading=\"lazy\" class=\"aligncenter size-large wp-image-547\" src=\"http:\/\/margarete.wiggen.de\/wp-content\/uploads\/2011\/02\/mkw_1016_FP19791031-488x1024.jpg\" alt=\"mkw_1016_FP19791031\" width=\"488\" height=\"1024\" srcset=\"http:\/\/margarete.wiggen.de\/wp-content\/uploads\/2011\/02\/mkw_1016_FP19791031-488x1024.jpg 488w, http:\/\/margarete.wiggen.de\/wp-content\/uploads\/2011\/02\/mkw_1016_FP19791031-143x300.jpg 143w, http:\/\/margarete.wiggen.de\/wp-content\/uploads\/2011\/02\/mkw_1016_FP19791031.jpg 609w\" sizes=\"(max-width: 488px) 100vw, 488px\" \/><\/a><\/p>\n","protected":false},"excerpt":{"rendered":"<p>Bronzeplatte erz\u00e4hlt die lange Geschichte des Hofer Rathauses In mehrmonatiger Arbeit entstand im Bildhaueratelier Wiggen in K\u00f6ditz eine Bronzeplatte, die Wissenswertes aus der Geschichte des Hofer Rathauses berichtet. Die Mittel f\u00fcr diese Arbeit stammen aus dem Gewinn der Stadt Hof aus der Fernseh-Show \u201eAllein gegen Alle&#8220; die im Jahr 1978 live aus Hof gesendet worden &hellip; <\/p>\n<p class=\"link-more\"><a href=\"http:\/\/margarete.wiggen.de\/?page_id=261\" class=\"more-link\"><span class=\"screen-reader-text\">\u201e1979 Relief Rathaus Hof\u201c<\/span> weiterlesen<\/a><\/p>\n","protected":false},"author":1,"featured_media":0,"parent":13,"menu_order":9,"comment_status":"closed","ping_status":"closed","template":"","meta":[],"_links":{"self":[{"href":"http:\/\/margarete.wiggen.de\/index.php?rest_route=\/wp\/v2\/pages\/261"}],"collection":[{"href":"http:\/\/margarete.wiggen.de\/index.php?rest_route=\/wp\/v2\/pages"}],"about":[{"href":"http:\/\/margarete.wiggen.de\/index.php?rest_route=\/wp\/v2\/types\/page"}],"author":[{"embeddable":true,"href":"http:\/\/margarete.wiggen.de\/index.php?rest_route=\/wp\/v2\/users\/1"}],"replies":[{"embeddable":true,"href":"http:\/\/margarete.wiggen.de\/index.php?rest_route=%2Fwp%2Fv2%2Fcomments&post=261"}],"version-history":[{"count":9,"href":"http:\/\/margarete.wiggen.de\/index.php?rest_route=\/wp\/v2\/pages\/261\/revisions"}],"predecessor-version":[{"id":548,"href":"http:\/\/margarete.wiggen.de\/index.php?rest_route=\/wp\/v2\/pages\/261\/revisions\/548"}],"up":[{"embeddable":true,"href":"http:\/\/margarete.wiggen.de\/index.php?rest_route=\/wp\/v2\/pages\/13"}],"wp:attachment":[{"href":"http:\/\/margarete.wiggen.de\/index.php?rest_route=%2Fwp%2Fv2%2Fmedia&parent=261"}],"curies":[{"name":"wp","href":"https:\/\/api.w.org\/{rel}","templated":true}]}}