{"id":13,"date":"2010-10-20T21:20:24","date_gmt":"2010-10-20T21:20:24","guid":{"rendered":"http:\/\/margarete.wiggen.de\/?page_id=13"},"modified":"2014-07-12T16:58:06","modified_gmt":"2014-07-12T16:58:06","slug":"hauptseite-1","status":"publish","type":"page","link":"http:\/\/margarete.wiggen.de\/?page_id=13","title":{"rendered":"\u00d6ffentliche Auftr\u00e4ge"},"content":{"rendered":"<table id=\"Tabelle1\" style=\"height: 579px;\" border=\"0\" width=\"100%\" cellspacing=\"5\" cellpadding=\"2\">\n<tbody>\n<tr>\n<td align=\"LEFT\" valign=\"TOP\" width=\"44\" height=\"32\"><span style=\"color: #000000;\"><span style=\"font-family: Arial,Helvetica,Univers,Zurich BT,sans-serif;\">1964<\/span><\/span><\/td>\n<td align=\"LEFT\" valign=\"TOP\" width=\"261\"><span style=\"color: #000000;\"><span style=\"font-family: Arial,Helvetica,Univers,Zurich BT,sans-serif;\">Pfarrkirche Leverkusen-B\u00fcrrig<\/span><\/span><\/td>\n<td align=\"LEFT\" valign=\"TOP\" width=\"321\"><span style=\"color: #000000;\"><span style=\"font-family: Arial,Helvetica,Univers,Zurich BT,sans-serif;\">Gro\u00dfer Bronzekorpus,<br \/>\nKanzelkreuz mit Korpus und<br \/>\ngro\u00dfer Doppelleuchter<\/span><\/span><\/td>\n<\/tr>\n<tr>\n<td align=\"LEFT\" valign=\"TOP\" width=\"44\" height=\"18\"><span style=\"color: #000000;\"><span style=\"font-family: Arial,Helvetica,Univers,Zurich BT,sans-serif;\">1966<\/span><\/span><\/td>\n<td align=\"LEFT\" valign=\"TOP\" width=\"261\"><span style=\"color: #000000;\"><span style=\"font-family: Arial,Helvetica,Univers,Zurich BT,sans-serif;\">Geschwister-Scholl-Schule Norf<\/span><\/span><\/td>\n<td align=\"LEFT\" valign=\"TOP\" width=\"321\"><span style=\"color: #000000;\"><span style=\"font-family: Arial,Helvetica,Univers,Zurich BT,sans-serif;\">Gedenkplatte &#8222;Wei\u00dfe Rose&#8220;\u00a0 (Bronzerelief)<\/span><\/span><\/td>\n<\/tr>\n<tr>\n<td align=\"LEFT\" valign=\"TOP\" width=\"44\" height=\"18\"><span style=\"color: #000000;\"><span style=\"font-family: Arial,Helvetica,Univers,Zurich BT,sans-serif;\">1971<\/span><\/span><\/td>\n<td align=\"LEFT\" valign=\"TOP\" width=\"261\"><span style=\"color: #000000;\"><span style=\"font-family: Arial,Helvetica,Univers,Zurich BT,sans-serif;\">Dreik\u00f6nigskirche Garbeck, Sauerland<\/span><\/span><\/td>\n<td align=\"LEFT\" valign=\"TOP\" width=\"321\"><span style=\"color: #000000;\"><span style=\"font-family: Arial,Helvetica,Univers,Zurich BT,sans-serif;\">Kreuzweg (Bronze) 16 Stationen<br \/>\n<\/span><\/span><\/td>\n<\/tr>\n<tr>\n<td align=\"LEFT\" valign=\"TOP\" width=\"44\" height=\"18\"><span style=\"color: #000000;\"><span style=\"font-family: Arial,Helvetica,Univers,Zurich BT,sans-serif;\">1975<\/span><\/span><\/td>\n<td align=\"LEFT\" valign=\"TOP\" width=\"261\"><span style=\"color: #000000;\"><span style=\"font-family: Arial,Helvetica,Univers,Zurich BT,sans-serif;\">Universit\u00e4tsklinik Mainz, St. Rochus-Kirche<\/span><\/span><\/td>\n<td align=\"LEFT\" valign=\"TOP\" width=\"321\"><span style=\"color: #000000;\"><span style=\"font-family: Arial,Helvetica,Univers,Zurich BT,sans-serif;\">Reliefplastik,<br \/>\nKreuzweg,<br \/>\nAlterleuchter (Bronze)<\/span><\/span><\/td>\n<\/tr>\n<tr>\n<td align=\"LEFT\" valign=\"TOP\" width=\"44\" height=\"52\"><span style=\"color: #000000;\"><span style=\"font-family: Arial,Helvetica,Univers,Zurich BT,sans-serif;\">1977<\/span><\/span><\/p>\n<div><\/div>\n<\/td>\n<td align=\"LEFT\" valign=\"TOP\" width=\"261\"><span style=\"color: #000000;\"><span style=\"font-family: Arial,Helvetica,Univers,Zurich BT,sans-serif;\">St. Pius-Kirche, Hof\/Saale<\/span><\/span><\/p>\n<div><\/div>\n<\/td>\n<td align=\"LEFT\" valign=\"TOP\" width=\"321\"><span style=\"color: #000000;\"><span style=\"font-family: Arial,Helvetica,Univers,Zurich BT,sans-serif;\">Ambo, Tabernakel, Altarleuchter, Vortragekreuz, Osterleuchter, Bodenleuchter, Kerzentisch, T\u00fcrgriffe, Altarkreuz, Lesepult, Weihwasserbecken, Eingangsrelief<\/span><\/span><\/td>\n<\/tr>\n<tr>\n<td align=\"LEFT\" valign=\"TOP\" width=\"44\" height=\"18\"><span style=\"color: #000000;\"><span style=\"font-family: Arial,Helvetica,Univers,Zurich BT,sans-serif;\">1978<\/span><\/span><\/td>\n<td align=\"LEFT\" valign=\"TOP\" width=\"261\"><span style=\"color: #000000;\"><span style=\"font-family: Arial,Helvetica,Univers,Zurich BT,sans-serif;\">Stadt Hof\/Saale<\/span><\/span><\/td>\n<td align=\"LEFT\" valign=\"TOP\" width=\"321\"><span style=\"color: #000000;\"><span style=\"font-family: Arial,Helvetica,Univers,Zurich BT,sans-serif;\">Bronzewappen am Rathaus<\/span><\/span><\/td>\n<\/tr>\n<tr>\n<td height=\"18\"><\/td>\n<td align=\"LEFT\" valign=\"TOP\" width=\"261\"><span style=\"color: #000000;\"><span style=\"font-family: Arial,Helvetica,Univers,Zurich BT,sans-serif;\">Allgemeine Ortskrankenkasse Naila<\/span><\/span><\/td>\n<td align=\"LEFT\" valign=\"TOP\" width=\"321\"><span style=\"color: #000000;\"><span style=\"font-family: Arial,Helvetica,Univers,Zurich BT,sans-serif;\">Bronzebrunnen im Eingangsbereich<\/span><\/span><\/td>\n<\/tr>\n<tr>\n<td height=\"18\"><\/td>\n<td align=\"LEFT\" valign=\"TOP\" width=\"261\"><span style=\"color: #000000;\"><span style=\"font-family: Arial,Helvetica,Univers,Zurich BT,sans-serif;\">Feuerwehrhaus in K\u00f6ditz<\/span><\/span><\/td>\n<td align=\"LEFT\" valign=\"TOP\" width=\"321\"><span style=\"color: #000000;\"><span style=\"font-family: Arial,Helvetica,Univers,Zurich BT,sans-serif;\">Bronzerelief St. Florian<\/span><\/span><\/td>\n<\/tr>\n<tr>\n<td height=\"18\">\u00a0<span style=\"color: #000000;\"><span style=\"font-family: Arial,Helvetica,Univers,Zurich BT,sans-serif;\">1979<\/span><\/span><\/td>\n<td align=\"LEFT\" valign=\"TOP\" width=\"261\"><span style=\"color: #000000;\"><span style=\"font-family: Arial,Helvetica,Univers,Zurich BT,sans-serif;\"><span style=\"color: #000000;\"><span style=\"font-family: Arial,Helvetica,Univers,Zurich BT,sans-serif;\">Stadt Hof\/Saale<\/span><\/span><\/span><\/span><\/td>\n<td align=\"LEFT\" valign=\"TOP\" width=\"321\"><span style=\"color: #000000;\"><span style=\"font-family: Arial,Helvetica,Univers,Zurich BT,sans-serif;\"><span style=\"color: #000000;\"><span style=\"font-family: Arial,Helvetica,Univers,Zurich BT,sans-serif;\">Reliefplatte am Rathausturm (Geschichte der Stadt)<\/span><\/span><\/span><\/span><\/td>\n<\/tr>\n<tr>\n<td align=\"LEFT\" valign=\"TOP\" width=\"44\" height=\"18\"><\/td>\n<td align=\"LEFT\" valign=\"TOP\" width=\"261\"><span style=\"color: #000000;\"><span style=\"font-family: Arial,Helvetica,Univers,Zurich BT,sans-serif;\"><span style=\"color: #000000;\"><span style=\"font-family: Arial,Helvetica,Univers,Zurich BT,sans-serif;\">Stadt Hof\/Saale<\/span><\/span><\/span><\/span><\/td>\n<td align=\"LEFT\" valign=\"TOP\" width=\"321\"><span style=\"color: #000000;\"><span style=\"font-family: Arial,Helvetica,Univers,Zurich BT,sans-serif;\"><span style=\"color: #000000;\"><span style=\"font-family: Arial,Helvetica,Univers,Zurich BT,sans-serif;\">Rathausbrunnen<\/span><\/span><\/span><\/span><\/td>\n<\/tr>\n<tr>\n<td height=\"18\"><\/td>\n<td align=\"LEFT\" valign=\"TOP\" width=\"261\"><span style=\"color: #000000;\"><span style=\"font-family: Arial,Helvetica,Univers,Zurich BT,sans-serif;\"><span style=\"color: #000000;\"><span style=\"font-family: Arial,Helvetica,Univers,Zurich BT,sans-serif;\">Stadt Ochtrup<\/span><\/span><\/span><\/span><\/td>\n<td align=\"LEFT\" valign=\"TOP\" width=\"321\"><span style=\"color: #000000;\"><span style=\"font-family: Arial,Helvetica,Univers,Zurich BT,sans-serif;\"><span style=\"color: #000000;\"><span style=\"font-family: Arial,Helvetica,Univers,Zurich BT,sans-serif;\">Lambertusbrunnen im Fu\u00dfg\u00e4ngerbereich<\/span><\/span><\/span><\/span><\/td>\n<\/tr>\n<tr>\n<td height=\"18\"><\/td>\n<td align=\"LEFT\" valign=\"TOP\" width=\"261\"><span style=\"color: #000000;\"><span style=\"font-family: Arial,Helvetica,Univers,Zurich BT,sans-serif;\"><span style=\"color: #000000;\"><span style=\"font-family: Arial,Helvetica,Univers,Zurich BT,sans-serif;\">Bad Steben<\/span><\/span><\/span><\/span><\/td>\n<td align=\"LEFT\" valign=\"TOP\" width=\"321\"><span style=\"color: #000000;\"><span style=\"font-family: Arial,Helvetica,Univers,Zurich BT,sans-serif;\"><span style=\"color: #000000;\"><span style=\"font-family: Arial,Helvetica,Univers,Zurich BT,sans-serif;\">Brunnenplatten in der Trinkhalle<\/span><\/span><\/span><\/span><\/td>\n<\/tr>\n<tr>\n<td height=\"18\"><span style=\"color: #000000;\"><span style=\"font-family: Arial,Helvetica,Univers,Zurich BT,sans-serif;\">1980<\/span><\/span><\/td>\n<td align=\"LEFT\" valign=\"TOP\" width=\"261\"><span style=\"color: #000000;\"><span style=\"font-family: Arial,Helvetica,Univers,Zurich BT,sans-serif;\"><span style=\"color: #000000;\"><span style=\"font-family: Arial,Helvetica,Univers,Zurich BT,sans-serif;\">Beamtenfachhochschule Hof\/Saale<\/span><\/span><\/span><\/span><\/td>\n<td align=\"LEFT\" valign=\"TOP\" width=\"321\"><span style=\"color: #000000;\"><span style=\"font-family: Arial,Helvetica,Univers,Zurich BT,sans-serif;\"><span style=\"color: #000000;\"><span style=\"font-family: Arial,Helvetica,Univers,Zurich BT,sans-serif;\">Bronzewappenschild mit Inschrift f\u00fcr den Grundstein<\/span><\/span><\/span><\/span><\/td>\n<\/tr>\n<tr>\n<td height=\"18\"><span style=\"color: #000000;\"><span style=\"font-family: Arial,Helvetica,Univers,Zurich BT,sans-serif;\">1981<\/span><\/span><\/td>\n<td align=\"LEFT\" valign=\"TOP\" width=\"261\"><span style=\"color: #000000;\"><span style=\"font-family: Arial,Helvetica,Univers,Zurich BT,sans-serif;\"><span style=\"color: #000000;\"><span style=\"font-family: Arial,Helvetica,Univers,Zurich BT,sans-serif;\"><span style=\"color: #000000;\"><span style=\"font-family: Arial,Helvetica,Univers,Zurich BT,sans-serif;\"><span style=\"color: #000000;\"><span style=\"font-family: Arial,Helvetica,Univers,Zurich BT,sans-serif;\">Stadt Naila<\/span><\/span><\/span><\/span><\/span><\/span><\/span><\/span><\/td>\n<td align=\"LEFT\" valign=\"TOP\" width=\"321\"><span style=\"color: #000000;\"><span style=\"font-family: Arial,Helvetica,Univers,Zurich BT,sans-serif;\"><span style=\"color: #000000;\"><span style=\"font-family: Arial,Helvetica,Univers,Zurich BT,sans-serif;\"><span style=\"color: #000000;\"><span style=\"font-family: Arial,Helvetica,Univers,Zurich BT,sans-serif;\"><span style=\"color: #000000;\"><span style=\"font-family: Arial,Helvetica,Univers,Zurich BT,sans-serif;\">Hochzeitsbrunnen (Bronze) auf dem Marktplatz<\/span><\/span><\/span><\/span><\/span><\/span><\/span><\/span><\/td>\n<\/tr>\n<tr>\n<td align=\"LEFT\" valign=\"TOP\" width=\"44\" height=\"18\"><span style=\"color: #000000;\"><span style=\"font-family: Arial,Helvetica,Univers,Zurich BT,sans-serif;\">1982<\/span><\/span><\/td>\n<td align=\"LEFT\" valign=\"TOP\" width=\"261\"><span style=\"color: #000000;\"><span style=\"font-family: Arial,Helvetica,Univers,Zurich BT,sans-serif;\">Stadt Hof\/Saale<\/span><\/span><\/td>\n<td align=\"LEFT\" valign=\"TOP\" width=\"321\"><span style=\"color: #000000;\"><span style=\"font-family: Arial,Helvetica,Univers,Zurich BT,sans-serif;\">Brunnen auf dem Wittelsbacher Platz<\/span><\/span><\/td>\n<\/tr>\n<tr>\n<td align=\"LEFT\" valign=\"TOP\" width=\"44\" height=\"17\"><span style=\"color: #000000;\"><span style=\"font-family: Arial,Helvetica,Univers,Zurich BT,sans-serif;\">1983<\/span><\/span><\/td>\n<td align=\"LEFT\" valign=\"TOP\" width=\"261\"><span style=\"color: #000000;\"><span style=\"font-family: Arial,Helvetica,Univers,Zurich BT,sans-serif;\">Zentrum f\u00fcr Sehgesch\u00e4digte W\u00fcrzburg<\/span><\/span><\/td>\n<td align=\"LEFT\" valign=\"TOP\" width=\"321\"><span style=\"color: #000000;\"><span style=\"font-family: Arial,Helvetica,Univers,Zurich BT,sans-serif;\">Zwei Bronzeplastiken f\u00fcr den Au\u00dfenbereich<\/span><\/span><\/td>\n<\/tr>\n<tr>\n<td align=\"LEFT\" valign=\"TOP\" width=\"44\" height=\"18\"><span style=\"color: #000000;\"><span style=\"font-family: Arial,Helvetica,Univers,Zurich BT,sans-serif;\">1984<\/span><\/span><\/td>\n<td align=\"LEFT\" valign=\"TOP\" width=\"261\"><span style=\"color: #000000;\"><span style=\"font-family: Arial,Helvetica,Univers,Zurich BT,sans-serif;\">Berufsfachschule mit Fachakademie in Ahornberg<\/span><\/span><\/td>\n<td align=\"LEFT\" valign=\"TOP\" width=\"321\"><span style=\"color: #000000;\"><span style=\"font-family: Arial,Helvetica,Univers,Zurich BT,sans-serif;\">Bronzefigur Frau mit zwei Kindern im Innenhof<\/span><\/span><\/td>\n<\/tr>\n<tr>\n<td align=\"LEFT\" valign=\"TOP\" width=\"44\" height=\"18\"><span style=\"color: #000000;\"><span style=\"font-family: Arial,Helvetica,Univers,Zurich BT,sans-serif;\">1985<\/span><\/span><\/td>\n<td align=\"LEFT\" valign=\"TOP\" width=\"261\"><span style=\"color: #000000;\"><span style=\"font-family: Arial,Helvetica,Univers,Zurich BT,sans-serif;\">Stadt Werl\/Westf.<\/span><\/span><\/td>\n<td align=\"LEFT\" valign=\"TOP\" width=\"321\"><span style=\"color: #000000;\"><span style=\"font-family: Arial,Helvetica,Univers,Zurich BT,sans-serif;\">Abstrakter Bronzebrunnen f\u00fcr den F\u00fc\u00dfg\u00e4ngerbereich<\/span><\/span><\/td>\n<\/tr>\n<tr>\n<td align=\"LEFT\" valign=\"TOP\" width=\"44\" height=\"18\"><span style=\"color: #000000;\"><span style=\"font-family: Arial,Helvetica,Univers,Zurich BT,sans-serif;\">1986<\/span><\/span><\/td>\n<td align=\"LEFT\" valign=\"TOP\" width=\"261\"><span style=\"color: #000000;\"><span style=\"font-family: Arial,Helvetica,Univers,Zurich BT,sans-serif;\">Stadt Rehau<br \/>\n<\/span><\/span><\/td>\n<td align=\"LEFT\" valign=\"TOP\" width=\"321\"><span style=\"color: #000000;\"><span style=\"font-family: Arial,Helvetica,Univers,Zurich BT,sans-serif;\">Bronzeplastik &#8222;Familie&#8220; f\u00fcr den Brunnen auf dem Festplatz Birkenstra\u00dfe<br \/>\n<\/span><\/span><\/td>\n<\/tr>\n<tr>\n<td align=\"LEFT\" valign=\"TOP\" width=\"44\" height=\"18\"><span style=\"color: #000000;\"><span style=\"font-family: Arial,Helvetica,Univers,Zurich BT,sans-serif;\">1987<\/span><\/span><\/td>\n<td align=\"LEFT\" valign=\"TOP\" width=\"261\"><span style=\"color: #000000;\"><span style=\"font-family: Arial,Helvetica,Univers,Zurich BT,sans-serif;\">SIGNAL-Versicherung Bielefeld<br \/>\n<\/span><\/span><\/td>\n<td align=\"LEFT\" valign=\"TOP\" width=\"321\"><span style=\"color: #000000;\"><span style=\"font-family: Arial,Helvetica,Univers,Zurich BT,sans-serif;\">Bronzebrunnen &#8222;Sitzende&#8220; im Fu\u00dfg\u00e4ngerbereich<br \/>\n<\/span><\/span><\/td>\n<\/tr>\n<tr>\n<td align=\"LEFT\" valign=\"TOP\" width=\"44\" height=\"18\"><span style=\"color: #000000;\"><span style=\"font-family: Arial,Helvetica,Univers,Zurich BT,sans-serif;\">1991<\/span><\/span><\/td>\n<td align=\"LEFT\" valign=\"TOP\" width=\"261\"><span style=\"color: #000000;\"><span style=\"font-family: Arial,Helvetica,Univers,Zurich BT,sans-serif;\">Stadt Schwarzenbach\/Saale<\/span><\/span><\/td>\n<td align=\"LEFT\" valign=\"TOP\" width=\"321\"><span style=\"color: #000000;\"><span style=\"font-family: Arial,Helvetica,Univers,Zurich BT,sans-serif;\">Bronzebrunnen &#8222;Wassersch\u00fctterin&#8220; vor der Hauptschule (Stiftung Sandler)<\/span><\/span><\/td>\n<\/tr>\n<tr>\n<td align=\"LEFT\" valign=\"TOP\" width=\"44\" height=\"18\"><span style=\"color: #000000;\"><span style=\"font-family: Arial,Helvetica,Univers,Zurich BT,sans-serif;\">1993<\/span><\/span><\/td>\n<td align=\"LEFT\" valign=\"TOP\" width=\"261\"><span style=\"color: #000000;\"><span style=\"font-family: Arial,Helvetica,Univers,Zurich BT,sans-serif;\">Stadt Hof\/Saale<\/span><\/span><\/td>\n<td align=\"LEFT\" valign=\"TOP\" width=\"321\"><span style=\"color: #000000;\"><span style=\"font-family: Arial,Helvetica,Univers,Zurich BT,sans-serif;\">Froschbrunnen am Theresienstein (Stiftung Rotary)<\/span><\/span><\/td>\n<\/tr>\n<tr>\n<td align=\"LEFT\" valign=\"TOP\" width=\"44\" height=\"18\"><span style=\"color: #000000;\"><span style=\"font-family: Arial,Helvetica,Univers,Zurich BT,sans-serif;\">1994<\/span><\/span><\/td>\n<td align=\"LEFT\" valign=\"TOP\" width=\"261\"><span style=\"color: #000000;\"><span style=\"font-family: Arial,Helvetica,Univers,Zurich BT,sans-serif;\">Altenheim Schwarzenbach\/Saale<\/span><\/span><\/td>\n<td align=\"LEFT\" valign=\"TOP\" width=\"321\"><span style=\"color: #000000;\"><span style=\"font-family: Arial,Helvetica,Univers,Zurich BT,sans-serif;\">Kindergruppe, 3 M\u00e4dchen am Brunnen<\/span><\/span><\/td>\n<\/tr>\n<tr>\n<td width=\"44\" height=\"18\"><span style=\"color: #000000;\"><span style=\"font-family: Arial,Helvetica,Univers,Zurich BT,sans-serif;\">1999<\/span><\/span><\/td>\n<td width=\"261\"><span style=\"color: #000000;\"><span style=\"font-family: Arial,Helvetica,Univers,Zurich BT,sans-serif;\">Kirche in K\u00f6ditz<\/span><\/span><\/td>\n<td width=\"321\"><span style=\"color: #000000;\"><span style=\"font-family: Arial,Helvetica,Univers,Zurich BT,sans-serif;\">Bronzeplatte am Eingang<\/span><\/span><\/td>\n<\/tr>\n<\/tbody>\n<\/table>\n<p>Mehr Einzelheiten und Bilder zu diesen Kunstwerken sehen Sie auf den nachfolgenden Seiten.<\/p>\n","protected":false},"excerpt":{"rendered":"<p>1964 Pfarrkirche Leverkusen-B\u00fcrrig Gro\u00dfer Bronzekorpus, Kanzelkreuz mit Korpus und gro\u00dfer Doppelleuchter 1966 Geschwister-Scholl-Schule Norf Gedenkplatte &#8222;Wei\u00dfe Rose&#8220;\u00a0 (Bronzerelief) 1971 Dreik\u00f6nigskirche Garbeck, Sauerland Kreuzweg (Bronze) 16 Stationen 1975 Universit\u00e4tsklinik Mainz, St. Rochus-Kirche Reliefplastik, Kreuzweg, Alterleuchter (Bronze) 1977 St. Pius-Kirche, Hof\/Saale Ambo, Tabernakel, Altarleuchter, Vortragekreuz, Osterleuchter, Bodenleuchter, Kerzentisch, T\u00fcrgriffe, Altarkreuz, Lesepult, Weihwasserbecken, Eingangsrelief 1978 Stadt Hof\/Saale Bronzewappen &hellip; <\/p>\n<p class=\"link-more\"><a href=\"http:\/\/margarete.wiggen.de\/?page_id=13\" class=\"more-link\"><span class=\"screen-reader-text\">\u201e\u00d6ffentliche Auftr\u00e4ge\u201c<\/span> weiterlesen<\/a><\/p>\n","protected":false},"author":1,"featured_media":0,"parent":0,"menu_order":2,"comment_status":"closed","ping_status":"closed","template":"","meta":[],"_links":{"self":[{"href":"http:\/\/margarete.wiggen.de\/index.php?rest_route=\/wp\/v2\/pages\/13"}],"collection":[{"href":"http:\/\/margarete.wiggen.de\/index.php?rest_route=\/wp\/v2\/pages"}],"about":[{"href":"http:\/\/margarete.wiggen.de\/index.php?rest_route=\/wp\/v2\/types\/page"}],"author":[{"embeddable":true,"href":"http:\/\/margarete.wiggen.de\/index.php?rest_route=\/wp\/v2\/users\/1"}],"replies":[{"embeddable":true,"href":"http:\/\/margarete.wiggen.de\/index.php?rest_route=%2Fwp%2Fv2%2Fcomments&post=13"}],"version-history":[{"count":15,"href":"http:\/\/margarete.wiggen.de\/index.php?rest_route=\/wp\/v2\/pages\/13\/revisions"}],"predecessor-version":[{"id":613,"href":"http:\/\/margarete.wiggen.de\/index.php?rest_route=\/wp\/v2\/pages\/13\/revisions\/613"}],"wp:attachment":[{"href":"http:\/\/margarete.wiggen.de\/index.php?rest_route=%2Fwp%2Fv2%2Fmedia&parent=13"}],"curies":[{"name":"wp","href":"https:\/\/api.w.org\/{rel}","templated":true}]}}